{"id":4784,"date":"2015-03-19T17:54:23","date_gmt":"2015-03-19T15:54:23","guid":{"rendered":"https:\/\/deborahelvira.com\/home\/"},"modified":"2020-11-02T16:59:24","modified_gmt":"2020-11-02T14:59:24","slug":"home","status":"publish","type":"page","link":"https:\/\/deborahelvira.com\/en\/","title":{"rendered":"Home"},"content":{"rendered":"<div class=\"wpb-content-wrapper\"><p>[vc_row][vc_column][lab_portfolio_items category_filter=&#8221;no&#8221; columns=&#8221;3&#8243; dynamic_image_height=&#8221;yes&#8221; portfolio_query=&#8221;size:6|order_by:date|order:ASC|post_type:portfolio&#8221;][\/vc_column][\/vc_row][vc_row][vc_column][vc_empty_space][\/vc_column][\/vc_row][vc_row full_width=&#8221;stretch_row&#8221;][vc_column]\n\t\t\t\t<p class=\"rs-p-wp-fix\"><\/p>\n\t\t\t\t<sr7-module data-alias=\"homepage\" data-id=\"2\" id=\"SR7_2_1\" data-version=\"6.7.51\">\n\t\t\t\t\t<sr7-adjuster><\/sr7-adjuster>\n\t\t\t\t\t<sr7-content>\n\t\t\t\t\t\t<sr7-slide id=\"SR7_2_1-2\" data-key=\"2\">\n\t\t\t\t\t\t\t<sr7-txt id=\"SR7_2_1-2-14\" class=\"sr7-layer\"><span><\/span><span><\/span><span><\/span><\/sr7-txt>\n\t\t\t\t\t\t<\/sr7-slide>\n\t\t\t\t\t\t<sr7-slide id=\"SR7_2_1-7\" data-key=\"7\">\n\t\t\t\t\t\t<\/sr7-slide>\n\t\t\t\t\t<\/sr7-content>\n\t\t\t\t<\/sr7-module>\n\t\t\t\t<script>\n\t\t\t\t\twindow.SR7 ??={};SR7.PMH ??={}; SR7.PMH[\"SR7_2_1\"] = {cn:100,state:false,fn: function() { if (window._tpt!==undefined && window._tpt.prepareModuleHeight !== undefined) {  _tpt.prepareModuleHeight({id:\"SR7_2_1\",el:[600,768,960,720],type:'standard',shdw:'0',gh:[600,768,960,720],gw:[1140,1024,778,480],vpt:['-200px'],size:{fullWidth:true, fullHeight:false},mh:'0',onh:0,onw:0,bg:{color:'#eeeeee'},plType:'2',plColor:'#FFFFFF'});   SR7.PMH[\"SR7_2_1\"].state=true;} else if(SR7.PMH[\"SR7_2_1\"].cn-->0)\tsetTimeout( SR7.PMH[\"SR7_2_1\"].fn,19);}};SR7.PMH[\"SR7_2_1\" ].fn();\n\t\t\t\t<\/script>\n[\/vc_column][\/vc_row][vc_row el_id=&#8221;quienes&#8221;][vc_column][vc_empty_space height=&#8221;64px&#8221;][\/vc_column][\/vc_row][vc_row full_width=&#8221;stretch_row&#8221;][vc_column css_animation=&#8221;left-to-right&#8221; width=&#8221;1\/2&#8243; reveal_effect=&#8221;fadeIn&#8221; reveal_duration=&#8221;1&#8243; reveal_delay=&#8221;0.3&#8243;][vc_single_image image=&#8221;4542&#8243; img_size=&#8221;full&#8221;][\/vc_column][vc_column css_animation=&#8221;right-to-left&#8221; width=&#8221;1\/2&#8243; reveal_effect=&#8221;fadeIn&#8221; reveal_duration=&#8221;1.5&#8243; reveal_delay=&#8221;0.5&#8243;][vc_single_image image=&#8221;4543&#8243; img_size=&#8221;full&#8221;][\/vc_column][\/vc_row][vc_row full_width=&#8221;stretch_row&#8221;][vc_column css_animation=&#8221;left-to-right&#8221; reveal_effect=&#8221;fadeIn&#8221; reveal_duration=&#8221;1&#8243; reveal_delay=&#8221;0.3&#8243;][lab_scroll_box scroll_height=&#8221;492&#8243; css=&#8221;.vc_custom_1604049770486{padding-top: 30px !important;padding-right: 15px !important;padding-bottom: 45px !important;padding-left: 45px !important;background-color: #fafafa !important;}&#8221;]Deborah Elvira belongs to the second generation of a respected family of Spanish antique dealers, with an international reputation for their knowledge in early ironwork. In 2000, she joined the family company introducing historic jewellery, her field of expertise. Since, combining both disciplines, we are<span class=\"Apple-converted-space\">\u00a0 <\/span>proud to have the main private and public collections, both in Spain and abroad, among our customers.<\/p>\n<p>Present in the most prestigious fairs, among which TEFAF Maastricht, the company has an active policy of loans and collaboration with museums and the academic world.<\/p>\n<p>Based in Oropesa del Mar, Deborah Elvira is a member of the Madrid Dealers Association and CINOA.<\/p>\n<p>&nbsp;<\/p>\n<ul class=\"social-networks rounded colored-hover\"><li><a href=\"https:\/\/www.facebook.com\/Deborah-Elvira-Joyas-de-%C3%A9poca-155815827905324\/\" target=\"_blank\" class=\"facebook\" title=\"Facebook\" aria-label=\"Facebook\" rel=\"noopener\"><i class=\"fab fa-facebook\"><\/i><span class=\"name\">Facebook<\/span><\/a><\/li><li><a href=\"https:\/\/www.instagram.com\/elviradeborah\/?hl=es\" target=\"_blank\" class=\"instagram\" title=\"Instagram\" aria-label=\"Instagram\" rel=\"noopener\"><i class=\"fab fa-instagram\"><\/i><span class=\"name\">Instagram<\/span><\/a><\/li><\/ul>\n<p>&nbsp;<\/p>\n<p>[\/lab_scroll_box][\/vc_column][\/vc_row][vc_row css=&#8221;.vc_custom_1601995065910{margin-bottom: 0px !important;padding-top: 20px !important;}&#8221; el_id=&#8221;noticias&#8221;][vc_column css_animation=&#8221;left-to-right&#8221; reveal_effect=&#8221;fadeIn&#8221; reveal_duration=&#8221;0.7&#8243; reveal_delay=&#8221;0.1&#8243;][lab_heading title=&#8221;News&#8221;]Find out about our activities[\/lab_heading][\/vc_column][\/vc_row][vc_row full_width=&#8221;stretch_row&#8221; no_bottom_margin=&#8221;yes&#8221; css=&#8221;.vc_custom_1602680449926{padding-top: 20px !important;padding-bottom: 20px !important;background-color: #fafafa !important;}&#8221;][vc_column css_animation=&#8221;right-to-left&#8221; css=&#8221;.vc_custom_1601453167081{padding-top: 0px !important;}&#8221;][lab_blog_posts blog_posts_options=&#8221;date&#8221; hover_layer_icon=&#8221;custom&#8221; more_link=&#8221;url:https%3A%2F%2Fdeborahelvira.com%2Fnoticias%2F|title:View%20all%20our%20news%20%E2%9E%9D&#8221; blog_query=&#8221;size:All|order_by:date|order:ASC|post_type:post&#8221;][\/vc_column][\/vc_row][vc_row css=&#8221;.vc_custom_1601995056578{padding-top: 20px !important;}&#8221; el_id=&#8221;eventos&#8221;][vc_column css_animation=&#8221;left-to-right&#8221; reveal_effect=&#8221;fadeIn&#8221; reveal_duration=&#8221;0.7&#8243; reveal_delay=&#8221;0.1&#8243;][lab_heading title=&#8221;Events&#8221;]Find out about our latest activities[\/lab_heading][\/vc_column][\/vc_row][vc_row full_width=&#8221;stretch_row&#8221; no_bottom_margin=&#8221;yes&#8221; css=&#8221;.vc_custom_1602680440521{padding-top: 20px !important;padding-bottom: 20px !important;background-color: #fafafa !important;}&#8221;][vc_column css_animation=&#8221;right-to-left&#8221; css=&#8221;.vc_custom_1601453184398{padding-top: 0px !important;}&#8221;][lab_blog_posts columns=&#8221;1&#8243; layout=&#8221;left&#8221; blog_posts_options=&#8221;&#8221; hover_layer_icon=&#8221;custom&#8221; more_link=&#8221;url:https%3A%2F%2Fdeborahelvira.com%2Feventos%2F|title:View%20all%20our%20events%20%E2%9E%9D&#8221; blog_query=&#8221;size:All|order_by:date|order:DESC|post_type:post&#8221;][\/vc_column][\/vc_row][vc_row][vc_column][vc_empty_space][\/vc_column][\/vc_row][vc_row el_id=&#8221;contacto&#8221;][vc_column css_animation=&#8221;right-to-left&#8221; width=&#8221;2\/3&#8243; reveal_effect=&#8221;fadeIn&#8221; reveal_duration=&#8221;1&#8243; reveal_delay=&#8221;0.5&#8243;][vc_row_inner][vc_column_inner width=&#8221;5\/6&#8243;][vc_column_text]<\/p>\n<h3>Contact<\/h3>\n<p>Please fill the form or send us an email directly:<\/p>\n<p><strong>Send an email<\/strong><br \/>\nE: <a href=\"mailto:info@deborahelvira.com\">info@deborahelvira.com<\/a><\/p>\n<p><strong>Call us<\/strong><br \/>\nT: +34 964 313 450<br \/>\nM:+34 629 647 279[\/vc_column_text]\n<div class=\"wpcf7 no-js\" id=\"wpcf7-f4899-o1\" lang=\"es-ES\" dir=\"ltr\" data-wpcf7-id=\"4899\">\n<div class=\"screen-reader-response\"><p role=\"status\" aria-live=\"polite\" aria-atomic=\"true\"><\/p> <ul><\/ul><\/div>\n<form action=\"\/en\/wp-json\/wp\/v2\/pages\/4784#wpcf7-f4899-o1\" method=\"post\" class=\"wpcf7-form init\" aria-label=\"Formulario de contacto\" novalidate=\"novalidate\" data-status=\"init\">\n<fieldset class=\"hidden-fields-container\"><input type=\"hidden\" name=\"_wpcf7\" value=\"4899\" \/><input type=\"hidden\" name=\"_wpcf7_version\" value=\"6.1.5\" \/><input type=\"hidden\" name=\"_wpcf7_locale\" value=\"es_ES\" \/><input type=\"hidden\" name=\"_wpcf7_unit_tag\" value=\"wpcf7-f4899-o1\" \/><input type=\"hidden\" name=\"_wpcf7_container_post\" value=\"0\" \/><input type=\"hidden\" name=\"_wpcf7_posted_data_hash\" value=\"\" \/><input type=\"hidden\" name=\"_wpcf7_recaptcha_response\" value=\"\" \/>\n<\/fieldset>\n<div class=\"row\">\n\t<div class=\"col-sm-6\">\n\t\t<div class=\"form-group labeled-input-row\">\n\t\t\t<p><label for=\"el_5e9ff24becdf1_name\">Name<\/label><br \/>\n<span class=\"wpcf7-form-control-wrap\" data-name=\"your-name\"><input size=\"40\" maxlength=\"400\" class=\"wpcf7-form-control wpcf7-text wpcf7-validates-as-required\" id=\"el_5e9ff24becdf1_name\" aria-required=\"true\" aria-invalid=\"false\" value=\"\" type=\"text\" name=\"your-name\" \/><\/span>\n\t\t\t<\/p>\n\t\t<\/div>\n\t<\/div>\n\t<div class=\"col-sm-6\">\n\t\t<div class=\"form-group labeled-input-row\">\n\t\t\t<p><label for=\"el_5e9ff24becdf1_email\">Email<\/label><br \/>\n<span class=\"wpcf7-form-control-wrap\" data-name=\"your-email\"><input size=\"40\" maxlength=\"400\" class=\"wpcf7-form-control wpcf7-email wpcf7-validates-as-required wpcf7-text wpcf7-validates-as-email\" id=\"el_5e9ff24becdf1_email\" aria-required=\"true\" aria-invalid=\"false\" value=\"\" type=\"email\" name=\"your-email\" \/><\/span>\n\t\t\t<\/p>\n\t\t<\/div>\n\t<\/div>\n\t<div class=\"col-sm-12\">\n\t\t<div class=\"form-group labeled-textarea-row\">\n\t\t\t<p><label for=\"el_5e9ff24becdf1_message\"> Message <\/label><br \/>\n<span class=\"wpcf7-form-control-wrap\" data-name=\"your-message\"><textarea cols=\"40\" rows=\"10\" maxlength=\"2000\" class=\"wpcf7-form-control wpcf7-textarea wpcf7-validates-as-required\" id=\"el_5e9ff24becdf1_message\" aria-required=\"true\" aria-invalid=\"false\" name=\"your-message\"><\/textarea><\/span>\n\t\t\t<\/p>\n\t\t<\/div>\n\t<\/div>\n\t<div class=\"col-sm-6\">\n\t\t<div class=\"form-group contact-form-privacy-policy\">\n\t\t\t<p><label><br \/>\n<span class=\"wpcf7-form-control-wrap\" data-name=\"privacy_policy_check\"><span class=\"wpcf7-form-control wpcf7-acceptance optional\"><span class=\"wpcf7-list-item\"><input type=\"checkbox\" name=\"privacy_policy_check\" value=\"1\" aria-invalid=\"false\" \/><\/span><\/span><\/span><span> I give my consent for the processing of my personal data. I have read and accept the <a href=\"\/politica-de-privacidad\/\">Privacy Policy<\/a><\/span><br \/>\n<\/label>\n\t\t\t<\/p>\n\t\t<\/div>\n\t<\/div>\n\t<div class=\"col-sm-6\" style=\"text-align: right\">\n\t\t<p><input class=\"wpcf7-form-control wpcf7-submit has-spinner button\" type=\"submit\" value=\"Enviar\" \/>\n\t\t<\/p>\n\t<\/div>\n<\/div><!-- row --><div class=\"wpcf7-response-output\" aria-hidden=\"true\"><\/div>\n<\/form>\n<\/div>\n[vc_empty_space][\/vc_column_inner][vc_column_inner width=&#8221;1\/6&#8243;][\/vc_column_inner][\/vc_row_inner][\/vc_column][vc_column css_animation=&#8221;left-to-right&#8221; width=&#8221;1\/3&#8243; reveal_effect=&#8221;fadeIn&#8221; reveal_duration=&#8221;1&#8243; reveal_delay=&#8221;0.3&#8243;][vc_column_text]<\/p>\n<h3>Address<\/h3>\n<p>Plaza de la Iglesia, 2<br \/>\n12594 Oropesa del Mar<br \/>\nCastell\u00f3n &#8211; Spain[\/vc_column_text][vc_gmaps link=&#8221;#E-8_JTNDaWZyYW1lJTIwc3JjJTNEJTIyaHR0cHMlM0ElMkYlMkZ3d3cuZ29vZ2xlLmNvbSUyRm1hcHMlMkZlbWJlZCUzRnBiJTNEJTIxMW0xOCUyMTFtMTIlMjExbTMlMjExZDMwNTIuMjUxMzI4MDU3ODgyMyUyMTJkMC4xMzE5NzcyMDE0MDk2NzQ5JTIxM2Q0MC4wOTIxMDkwODMxNDAyMyUyMTJtMyUyMTFmMCUyMTJmMCUyMTNmMCUyMTNtMiUyMTFpMTAyNCUyMTJpNzY4JTIxNGYxMy4xJTIxM20zJTIxMW0yJTIxMXMweDEyYTAwNGMzMTI4YmY5YzclMjUzQTB4MmFlMmUxYTRmZmMwZTI2MCUyMTJzUGxhemElMjUyMGRlJTI1MjBsYSUyNTIwSWdsZXNpYSUyNTJDJTI1MjAxMjU5NCUyNTIwT3JvcGVzYSUyNTJDJTI1MjBDYXN0ZWxsJTI1QzMlMjVCM24lMjE1ZTAlMjEzbTIlMjExc2VzJTIxMnNlcyUyMTR2MTYwMTM3NzMwMDc2OSUyMTVtMiUyMTFzZXMlMjEyc2VzJTIyJTIwd2lkdGglM0QlMjI2MDAlMjIlMjBoZWlnaHQlM0QlMjI0NTAlMjIlMjBmcmFtZWJvcmRlciUzRCUyMjAlMjIlMjBzdHlsZSUzRCUyMmJvcmRlciUzQTAlM0IlMjIlMjBhbGxvd2Z1bGxzY3JlZW4lM0QlMjIlMjIlMjBhcmlhLWhpZGRlbiUzRCUyMmZhbHNlJTIyJTIwdGFiaW5kZXglM0QlMjIwJTIyJTNFJTNDJTJGaWZyYW1lJTNF&#8221;][\/vc_column][\/vc_row][vc_row][vc_column offset=&#8221;vc_hidden-lg vc_hidden-md vc_hidden-sm vc_hidden-xs&#8221;][vc_column_text]<\/p>\n<h4>Pol\u00edtica de privacidad<\/h4>\n<p style=\"font-size: 14px; text-align: justify;\">Los datos personales facilitados voluntariamente por usted, a trav\u00e9s del presente formulario web ser\u00e1n tratados, por DEBORAH ELVIRA como responsable del tratamiento, con la finalidad de atender su solicitud, consulta, queja o sugerencia, sin que se produzca comunicaciones o cesiones de datos y conservados durante los plazos necesarios para atender su solicitud. Puede usted ejercer los derechos de acceso, rectificaci\u00f3n o supresi\u00f3n de sus datos, dirigi\u00e9ndose a Plaza de la Iglesia 2, 12594 Oropesa del Mar, Castell\u00f3n, Espa\u00f1a. Para m\u00e1s informaci\u00f3n al respecto, puede consultar nuestra <a href=\"https:\/\/deborahelvira.com\/en\/politica-de-privacidad\/\">Pol\u00edtica de Privacidad<\/a>.<\/p>\n<p>&nbsp;<\/p>\n<p>[\/vc_column_text][\/vc_column][\/vc_row]<\/p>\n<\/div>","protected":false},"excerpt":{"rendered":"<p>[vc_row][vc_column][lab_portfolio_items category_filter=&#8221;no&#8221; columns=&#8221;3&#8243; dynamic_image_height=&#8221;yes&#8221; portfolio_query=&#8221;size:6|order_by:date|order:ASC|post_type:portfolio&#8221;][\/vc_column][\/vc_row][vc_row][vc_column][vc_empty_space][\/vc_column][\/vc_row][vc_row full_width=&#8221;stretch_row&#8221;][vc_column][\/vc_column][\/vc_row][vc_row el_id=&#8221;quienes&#8221;][vc_column][vc_empty_space height=&#8221;64px&#8221;][\/vc_column][\/vc_row][vc_row full_width=&#8221;stretch_row&#8221;][vc_column css_animation=&#8221;left-to-right&#8221; width=&#8221;1\/2&#8243; reveal_effect=&#8221;fadeIn&#8221; reveal_duration=&#8221;1&#8243; reveal_delay=&#8221;0.3&#8243;][vc_single_image image=&#8221;4542&#8243; img_size=&#8221;full&#8221;][\/vc_column][vc_column css_animation=&#8221;right-to-left&#8221; width=&#8221;1\/2&#8243; reveal_effect=&#8221;fadeIn&#8221; reveal_duration=&#8221;1.5&#8243; reveal_delay=&#8221;0.5&#8243;][vc_single_image image=&#8221;4543&#8243; img_size=&#8221;full&#8221;][\/vc_column][\/vc_row][vc_row full_width=&#8221;stretch_row&#8221;][vc_column css_animation=&#8221;left-to-right&#8221; reveal_effect=&#8221;fadeIn&#8221; reveal_duration=&#8221;1&#8243; reveal_delay=&#8221;0.3&#8243;][lab_scroll_box scroll_height=&#8221;492&#8243; css=&#8221;.vc_custom_1604049770486{padding-top: 30px !important;padding-right: 15px !important;padding-bottom: 45px !important;padding-left: 45px !important;background-color: #fafafa !important;}&#8221;]Deborah Elvira belongs to the second generation of a respected family of Spanish antique dealers, with&hellip;<\/p>\n","protected":false},"author":1,"featured_media":0,"parent":0,"menu_order":0,"comment_status":"closed","ping_status":"closed","template":"","meta":{"_acf_changed":false,"footnotes":""},"class_list":["post-4784","page","type-page","status-publish","hentry"],"acf":[],"_links":{"self":[{"href":"https:\/\/deborahelvira.com\/en\/wp-json\/wp\/v2\/pages\/4784","targetHints":{"allow":["GET"]}}],"collection":[{"href":"https:\/\/deborahelvira.com\/en\/wp-json\/wp\/v2\/pages"}],"about":[{"href":"https:\/\/deborahelvira.com\/en\/wp-json\/wp\/v2\/types\/page"}],"author":[{"embeddable":true,"href":"https:\/\/deborahelvira.com\/en\/wp-json\/wp\/v2\/users\/1"}],"replies":[{"embeddable":true,"href":"https:\/\/deborahelvira.com\/en\/wp-json\/wp\/v2\/comments?post=4784"}],"version-history":[{"count":11,"href":"https:\/\/deborahelvira.com\/en\/wp-json\/wp\/v2\/pages\/4784\/revisions"}],"predecessor-version":[{"id":4902,"href":"https:\/\/deborahelvira.com\/en\/wp-json\/wp\/v2\/pages\/4784\/revisions\/4902"}],"wp:attachment":[{"href":"https:\/\/deborahelvira.com\/en\/wp-json\/wp\/v2\/media?parent=4784"}],"curies":[{"name":"wp","href":"https:\/\/api.w.org\/{rel}","templated":true}]}}