{"id":4787,"date":"2020-09-29T16:28:34","date_gmt":"2020-09-29T14:28:34","guid":{"rendered":"https:\/\/deborahelvira.com\/politica-de-cookies\/"},"modified":"2020-10-28T09:47:54","modified_gmt":"2020-10-28T07:47:54","slug":"politica-de-cookies","status":"publish","type":"page","link":"https:\/\/deborahelvira.com\/en\/politica-de-cookies\/","title":{"rendered":"Cookies Policy"},"content":{"rendered":"\r\n<h1 class=\"wp-block-heading\">Pol\u00edtica de Cookies<\/h1>\r\n\r\n\r\n\r\n<div style=\"height:40px\" aria-hidden=\"true\" class=\"wp-block-spacer\"><\/div>\r\n\r\n\r\n\r\n<h3 class=\"wp-block-heading\"><strong><strong>Uso de Cookies<\/strong><\/strong><\/h3>\r\n\r\n\r\n\r\n<p>Este sitio utiliza cookies y\/o tecnolog\u00edas similares que almacenan y recuperan informaci\u00f3n cuando navegas. En general, estas tecnolog\u00edas pueden servir para finalidades muy diversas, como, por ejemplo, reconocerte como usuario, obtener informaci\u00f3n sobre tus h\u00e1bitos de navegaci\u00f3n, o personalizar la forma en que se muestra el contenido.<\/p>\r\n\r\n\r\n\r\n<p>Los usos concretos que hacemos de estas cookies se describen a continuaci\u00f3n.<\/p>\r\n\r\n\r\n\r\n<div style=\"height:40px\" aria-hidden=\"true\" class=\"wp-block-spacer\"><\/div>\r\n\r\n\r\n\r\n<h3 class=\"wp-block-heading\"><strong><strong>Ejercicio de derechos<\/strong><\/strong><\/h3>\r\n\r\n\r\n\r\n<p>Tienes derecho a conocer que datos sobre ti estamos tratando, rectificarlos, suprimirlos o limitar su tratamiento, puedes hacerlo comunica\u0301ndote con nosotros a trave\u0301s del siguiente <a rel=\"noreferrer noopener\" href=\"mailto:info@deborahelvira.com\" target=\"_blank\" data-type=\"mailto\" data-id=\"mailto:info@deborahelvira.com\">mail<\/a>.<\/p>\r\n\r\n\r\n\r\n<p>Tambi\u00e9n tienes derecho a retirar el consentimiento al tratamiento de datos en cualquier momento, puedes realizar esta opci\u00f3n desde el panel de selecci\u00f3n de preferencias.<\/p>\r\n\r\n\r\n\r\n<p>Puedes obtener m\u00e1s informaci\u00f3n sobre el tratamiento de datos en nuestra <a href=\"https:\/\/deborahelvira.com\/en\/politica-de-privacidad\/\">POL\u00cdTICA DE PRIVACIDAD<\/a>.<\/p>\r\n\r\n\r\n\r\n<div style=\"height:40px\" aria-hidden=\"true\" class=\"wp-block-spacer\"><\/div>\r\n\r\n\r\n\r\n<script id=\"CookieDeclaration\" src=\"https:\/\/consent.cookiebot.com\/b9434590-a12c-4e43-9289-3c17d876e957\/cd.js\" type=\"text\/javascript\" async=\"\"><\/script>\r\n\r\n\r\n\r\n<div style=\"height:40px\" aria-hidden=\"true\" class=\"wp-block-spacer\"><\/div>\r\n\r\n\r\n\r\n<h1 class=\"wp-block-heading\">Preguntas Frecuentes<\/h1>\r\n\r\n\r\n\r\n<div style=\"height:40px\" aria-hidden=\"true\" class=\"wp-block-spacer\"><\/div>\r\n\r\n\r\n\r\n<h3 class=\"wp-block-heading\"><strong>\u00bfPOR QU\u00c9 ES RECOMENDABLE UTILIZAR UNA HERRAMIENTA PARA GESTIONAR EL USO DE COOKIES?<\/strong><\/h3>\r\n\r\n\r\n\r\n<p>Para cumplir la normativa es necesario que no se utilicen ciertas cookies hasta que el interesado haya dado su consentimiento, adem\u00e1s, el usuario de la web puede dar el consentimiento para todas o solo para algunas de las cookies. Estos requisitos son muy dif\u00edciles de conseguir sin una herramienta de ayuda.<\/p>\r\n\r\n\r\n\r\n<div style=\"height:40px\" aria-hidden=\"true\" class=\"wp-block-spacer\"><\/div>\r\n\r\n\r\n\r\n<h3 class=\"wp-block-heading\"><strong>\u00bfPOR QU\u00c9 SOLO RECOMENDAMOS UNA HERRAMIENTA?<\/strong><\/h3>\r\n\r\n\r\n\r\n<p>Sencillamente porque no hemos encontrado ninguna otra herramienta que cumpla TODOS los requisitos necesarios.<\/p>\r\n\r\n\r\n\r\n<div style=\"height:40px\" aria-hidden=\"true\" class=\"wp-block-spacer\"><\/div>\r\n\r\n\r\n\r\n<h3 class=\"wp-block-heading\"><strong>\u00bfTENGO OTRA OPCI\u00d3N SI NO QUIERO UTILIZAR ESTA HERRAMIENTA?<\/strong><\/h3>\r\n\r\n\r\n\r\n<p>El uso de esta herramienta es solo una recomendaci\u00f3n, para poder cumplir al 100% la normativa, no olvides que si el plugin no est\u00e1 bien instalado tampoco se estar\u00e1n cumpliendo todos los requisitos necesarios.<\/p>\r\n\r\n\r\n\r\n<p>Cualquier m\u00e9todo que permita informar al usuario, obtener su consentimiento y aplicar las preferencias del usuario para el uso de cookies se podr\u00e1 utilizar. Si has localizado una v\u00eda que te permita cumplir estas obligaciones puedes contactar conmigo para que revise que todo es correcto o para consultarme cualquier duda.<\/p>\r\n\r\n\r\n\r\n<div style=\"height:100px\" aria-hidden=\"true\" class=\"wp-block-spacer\"><\/div>\r\n","protected":false},"excerpt":{"rendered":"<p>Pol\u00edtica de Cookies Uso de Cookies Este sitio utiliza cookies y\/o tecnolog\u00edas similares que almacenan y recuperan informaci\u00f3n cuando navegas. En general, estas tecnolog\u00edas pueden servir para finalidades muy diversas, como, por ejemplo, reconocerte como usuario, obtener informaci\u00f3n sobre tus h\u00e1bitos de navegaci\u00f3n, o personalizar la forma en que se muestra el contenido. Los usos&hellip;<\/p>\n","protected":false},"author":1,"featured_media":0,"parent":0,"menu_order":0,"comment_status":"closed","ping_status":"closed","template":"","meta":{"_acf_changed":false,"footnotes":""},"class_list":["post-4787","page","type-page","status-publish","hentry"],"acf":[],"_links":{"self":[{"href":"https:\/\/deborahelvira.com\/en\/wp-json\/wp\/v2\/pages\/4787","targetHints":{"allow":["GET"]}}],"collection":[{"href":"https:\/\/deborahelvira.com\/en\/wp-json\/wp\/v2\/pages"}],"about":[{"href":"https:\/\/deborahelvira.com\/en\/wp-json\/wp\/v2\/types\/page"}],"author":[{"embeddable":true,"href":"https:\/\/deborahelvira.com\/en\/wp-json\/wp\/v2\/users\/1"}],"replies":[{"embeddable":true,"href":"https:\/\/deborahelvira.com\/en\/wp-json\/wp\/v2\/comments?post=4787"}],"version-history":[{"count":1,"href":"https:\/\/deborahelvira.com\/en\/wp-json\/wp\/v2\/pages\/4787\/revisions"}],"predecessor-version":[{"id":4791,"href":"https:\/\/deborahelvira.com\/en\/wp-json\/wp\/v2\/pages\/4787\/revisions\/4791"}],"wp:attachment":[{"href":"https:\/\/deborahelvira.com\/en\/wp-json\/wp\/v2\/media?parent=4787"}],"curies":[{"name":"wp","href":"https:\/\/api.w.org\/{rel}","templated":true}]}}