{"id":4788,"date":"2020-08-20T10:40:45","date_gmt":"2020-08-20T08:40:45","guid":{"rendered":"https:\/\/deborahelvira.com\/politica-de-privacidad\/"},"modified":"2020-10-28T09:48:11","modified_gmt":"2020-10-28T07:48:11","slug":"politica-de-privacidad","status":"publish","type":"page","link":"https:\/\/deborahelvira.com\/en\/politica-de-privacidad\/","title":{"rendered":"Privacy Policy"},"content":{"rendered":"\r\n<h1 class=\"wp-block-heading\">Aviso Legal y Pol\u00edtica de Privacidad<\/h1>\r\n\r\n\r\n\r\n<p>Consideramos que la privacidad de nuestros clientes y usuarios debe ser primordial. Por esta raz\u00f3n aplicamos una pol\u00edtica de transparencia a todos nuestros procesos para que los usuarios est\u00e9n siempre informados y tengan control sobre su privacidad.<\/p>\r\n\r\n\r\n\r\n<p>Le rogamos lea atentamente cada uno de estos t\u00e9rminos que regulan el acceso y uso, y en general, la relaci\u00f3n entre este website y los usuarios del mismo.<\/p>\r\n\r\n\r\n\r\n<h3 class=\"wp-block-heading\"><strong>\u00bfQui\u00e9n es el responsable del tratamiento de sus datos?<\/strong><\/h3>\r\n\r\n\r\n\r\n<p>En cumplimiento del Cap\u00edtulo II de la ley 34\/2002, LSSICE, y del art. 13.1a del Reglamento (UE) 2016\/679 le informamos que la presente p\u00e1gina web es propiedad de DEBORAH ELVIRA YOUNG (en adelante DEBORAH ELVIRA):<\/p>\r\n\r\n\r\n\r\n<p>DIRECCI\u00d3N: PLAZA DE LA IGLESIA 2, 12594, OROPESA DEL MAR, CASTELLON DE LA PLANA<br>CIF: 18976490H<br>TEL\u00c9FONO: 964313450<br>EMAIL: <a href=\"mailto:info@deborahelvira.com\">info@deborahelvira.com<\/a><\/p>\r\n\r\n\r\n\r\n<h3 class=\"wp-block-heading\"><strong>Marco Normativo<\/strong><\/h3>\r\n\r\n\r\n\r\n<p>DEBORAH ELVIRA garantiza el respeto de las garant\u00edas, normas y procedimientos previstos en el Ordenamiento Jur\u00eddico para proteger los derechos a la intimidad personal y familiar y la protecci\u00f3n de datos personales.<\/p>\r\n\r\n\r\n\r\n<h3 class=\"wp-block-heading\"><br><strong>Delegado de Protecci\u00f3n de datos<\/strong><\/h3>\r\n\r\n\r\n\r\n<p>De acuerdo con el RGPD (art. 37.1), DEBORAH ELVIRA, habiendo tenido en cuenta la naturaleza, el \u00e1mbito y los fines del tratamiento, as\u00ed como el riesgo asociado a las operaciones de tratamiento y previo an\u00e1lisis interno ha llegado a la conclusi\u00f3n de que no tiene obligaci\u00f3n legal de designar un delegado de protecci\u00f3n de datos.<\/p>\r\n\r\n\r\n\r\n<p>No obstante, para garantizar y demostrar que el tratamiento se lleva a cabo bajo las disposiciones del RGPD se han establecido protocolos y herramientas de rendici\u00f3n de cuentas tales como evaluaciones de impacto, revisiones trimestrales, auditor\u00eda anual\u2026 etc. Asimismo, dispone de un equipo encargado de garantizar el cumplimiento de la normativa sobre protecci\u00f3n de datos personales, as\u00ed como informar y asesorar a los interesados y cooperar con la autoridad de control.<\/p>\r\n\r\n\r\n\r\n<h3 class=\"wp-block-heading\"><strong>Qu\u00e9 datos le vamos a solicitar<\/strong><\/h3>\r\n\r\n\r\n\r\n<p>La recopilaci\u00f3n y el uso de datos es esencial para poder ofrecerle un buen servicio. Sin embargo, debe saber que s\u00f3lo le vamos a solicitar aquella informaci\u00f3n que sea estrictamente adecuada, pertinente y limitada a lo necesario para ofrecerle los servicios m\u00e1s abajo descritos.<br><br>Estos son los datos que le podemos solicitar:<br>\u2022 <strong>Detalles de contacto<\/strong>: nombre, direcci\u00f3n postal, n\u00famero de tel\u00e9fono, email, DNI, NIF o documento identificativo, firma.<br>\u2022 <strong>Datos financieros y de transacci\u00f3n<\/strong>: n\u00famero de tarjeta de cr\u00e9dito, n\u00famero de cuenta bancaria.<br>\u2022 <strong>Datos de tecnolog\u00eda<\/strong>: tiempo de permanencia en la web, p\u00e1ginas visitadas, preferencia de idioma, direcci\u00f3n IP, tipo de dispositivo, sistema operativo, tipo de navegador, resoluci\u00f3n de pantalla.<br><br>La navegaci\u00f3n en esta web por menores de edad exige que \u00e9stos hayan obtenido previamente autorizaci\u00f3n de sus padres, tutores o representantes legales, los cuales tendr\u00e1n la consideraci\u00f3n de responsables legales por cualesquier actos realizado por los menores a su cargo.<br><br>Los representantes legales de las personas menores de edad tienen plena responsabilidad en el acceso a contenidos y servicios de internet por dichos menores, Para ello disponen de programas inform\u00e1ticos y herramientas de bloqueo y filtro en el acceso a contenidos o sitios web no apropiados para menores.<\/p>\r\n\r\n\r\n\r\n<h3 class=\"wp-block-heading\"><strong>C\u00f3mo obtenemos sus datos<\/strong><\/h3>\r\n\r\n\r\n\r\n<p>Usted nos puede proporcionar datos personales a trav\u00e9s de las siguientes v\u00edas:<\/p>\r\n\r\n\r\n\r\n<p>\u2022 Al acceder a nuestra web.<br>\u2022 Cuando usted contacta con nosotros a trav\u00e9s del correo electr\u00f3nico.<br>\u2022 Cuando contrata alguno de nuestros servicios.<br>\u2022 Cuando interact\u00faa a trav\u00e9s del sitio web permitiendo el uso de cookies.<\/p>\r\n\r\n\r\n\r\n<h3 class=\"wp-block-heading\"><strong>\u00bfPara qu\u00e9 usaremos sus datos?<\/strong><\/h3>\r\n\r\n\r\n\r\n<p>DEBORAH ELVIRA, le informa de que los datos que usted voluntariamente facilita ser\u00e1n incorporados a un fichero de datos de car\u00e1cter personal. Este fichero tiene implementadas todas las medidas de seguridad requeridas por la normativa (Art. 32 RGPD).<br><br>Desde el 25 de mayo de 2018 para mejorar la protecci\u00f3n de sus datos el RGPD sustituye la obligaci\u00f3n de inscribir ficheros por la creaci\u00f3n de un registro de actividades de tratamiento que debe ofrecer toda la informaci\u00f3n necesaria para conocer el flujo de datos y las acciones desempe\u00f1adas para protegerlos. DEBORAH ELVIRA ha creado este registro y permanece a disposici\u00f3n para cualquier consulta por la autoridad de control.<br><br>DEBORAH ELVIRA elabora un perfil comercial en base a la informaci\u00f3n que usted nos facilita. No se tomar\u00e1n decisiones automatizadas en base a dicho perfil.<br><br>Podemos utilizar sus datos con las siguientes finalidades:<br><br>\u2022 Responder a sus consultas.<br>\u2022 Llevar a cabo el servicio que usted nos ha encomendado.<br>\u2022 Procesar pagos.<br>\u2022 Confeccionar estad\u00edsticas.<br>\u2022 Mejorar su experiencia como usuario de la web.<br>\u2022 Mantener la seguridad de la web llevando a cabo un monitoreo de actividades maliciosas y detecci\u00f3n de fraude.<br>\u2022\u00a0Enviarle informaci\u00f3n sobre productos y\/o servicios de su inter\u00e9s<br>\u2022 Recomendarle productos de su inter\u00e9s.<br>\u2022 Actualizar nuestros registros.<br>\u2022 Verificar su identidad para fines de cumplimiento normativo.<br><br><br>Usted puede optar por no recibir nuestras comunicaciones electr\u00f3nicas, puede solicitarlo enviando un email a <a href=\"mailto:info@deborahelvira.com\">info@deborahelvira.com<\/a> con el siguiente asunto \u201cno deseo recibir comunicaciones comerciales\u201d.<\/p>\r\n\r\n\r\n\r\n<h3 class=\"wp-block-heading\"><strong>\u00bfPor cu\u00e1nto tiempo conservaremos sus datos?<\/strong><\/h3>\r\n\r\n\r\n\r\n<p>Los datos personales que usted nos proporciona se conservar\u00e1n durante el tiempo necesario para las finales de tratamiento para las que han sido recogidos y mientras usted no solicite su supresi\u00f3n.\u00a0En concreto los plazos establecidos en funci\u00f3n de la finalidad son los siguientes:<br><br>\u2022 <strong>Responder a sus consultas<\/strong>: los datos ser\u00e1n conservados durante la tramitaci\u00f3n de la respuesta. <br><br>\u2022 <strong>Llevar a cabo un servicio encomendado<\/strong>: los datos ser\u00e1n conservados mientras se est\u00e9 gestionando dicho servicio. <br><br>\u2022 <strong>Procesar pagos<\/strong>: los datos ser\u00e1n conservados mientras sea necesaria la tramitaci\u00f3n de pagos. <br><br>\u2022 <strong>Confeccionar estad\u00edsticas<\/strong>: los datos ser\u00e1n conservados de forma indefinida en tanto el interesado no solicite su supresi\u00f3n. <br><br>\u2022 <strong>Mejorar la experiencia de usuario de la web<\/strong>: estos datos se conservar\u00e1n por el plazo establecido para cada cookie. <br><br>\u2022 <strong>Mantener la seguridad de la web<\/strong>: estos datos se mantendr\u00e1n en el sistema de forma indefinida en tanto el interesado no solicite su supresi\u00f3n. <br><br>\u2022 <strong>Enviarle informaci\u00f3n<\/strong>: estos se mantendr\u00e1n en el sistema de forma indefinida en tanto el interesado no solicite su supresi\u00f3n. <br><br>\u2022 <strong>Actualizar nuestros registros<\/strong>: estos datos se mantendr\u00e1n en el sistema de forma indefinida en tanto el interesado no solicite su supresi\u00f3n. <br><br>\u2022 <strong>Verificar su identidad para fines de cumplimiento normativo<\/strong>: estos datos se mantendr\u00e1n en el sistema de forma indefinida en tanto el interesado no solicite su supresi\u00f3n.<br><br>Podremos conservar su informaci\u00f3n personal incluso despu\u00e9s de finalizar esta necesidad si fuera necesario para cumplir con alguna obligaci\u00f3n legal, los datos permanecer\u00edan bloqueados el tiempo necesario para cumplir el periodo marcado por la Ley para proceder luego a su eliminaci\u00f3n.<\/p>\r\n\r\n\r\n\r\n<h3 class=\"wp-block-heading\"><strong>\u00bfCu\u00e1l es la legitimaci\u00f3n para el tratamiento de sus datos?<\/strong><\/h3>\r\n\r\n\r\n\r\n<p>\u2022 La base legal para el tratamiento de sus datos est\u00e1 fundada en el art\u00edculo 6.1b del RGPD cuando gestionamos el servicio que nos ha encomendado, es decir, cuando el tratamiento de datos es necesario para la ejecuci\u00f3n de un contrato. <br><br>\u2022 La base legal para el tratamiento de sus datos est\u00e1 fundada en la obtenci\u00f3n de su consentimiento, de acuerdo con el art\u00edculo 6.1a del RGPD para el resto de las finalidades. <br><strong><br>Destinatarios<\/strong><br>DEBORAH ELVIRA formalizar\u00e1, en cada caso, los contratos de confidencialidad y encargo de tratamiento que sean necesarios para realizar el servicio que usted nos ha encomendado.<br><br>DEBORAH ELVIRA comprueba que todos los encargados de tratamiento con los que trabaja cumplen sus pol\u00edticas de seguridad y las medidas t\u00e9cnicas impuestos por la normativa y siguen sus instrucciones en la prestaci\u00f3n y correcto desarrollo de los servicios para los que son contratados.<br><br>En concreto los servicios externos que podr\u00e1n tener acceso a sus datos bajo las condiciones antes dispuestas son los siguientes:<br><br>\u2022 Servicio de asesoramiento laboral, fiscal o contable. <br>\u2022 Servicio de asesoramiento jur\u00eddico. <br>\u2022 Servicios de mensajer\u00eda. <br>\u2022 Servicio de hosting. <br>\u2022 Servicio de soporte t\u00e9cnico de software. <br>\u2022 Servicio de mantenimiento de la web. <br>\u2022 Servicio de almacenamiento de datos. <br>\u2022 Servicio de asesoramiento para la protecci\u00f3n de datos personales.<br><br>Es posible que, alguno de estos servicios, est\u00e9n situados en un pa\u00eds externo a la uni\u00f3n europea, en tal caso solo tendr\u00e1 acceso a sus datos cuando est\u00e9 incluido en el listado de pa\u00edses con un nivel adecuado de protecci\u00f3n de datos personales.<br><br>DEBORAH ELVIRA no alquilar\u00e1 ni vender\u00e1 informaci\u00f3n personal ni compartir\u00e1 su informaci\u00f3n personal con ning\u00fan anunciante ni con redes de anuncios para publicidad sin su permiso expl\u00edcito.<br><br>DEBORAH ELVIRA proporcionar\u00e1 informaci\u00f3n a terceros cuando lo exija una ley, una citaci\u00f3n o un procedimiento judicial. No obstante, en el caso de ser cedidos se producir\u00eda una informaci\u00f3n previa a la entrega.<\/p>\r\n\r\n\r\n\r\n<h3 class=\"wp-block-heading\"><strong>Seguridad de los Datos<\/strong><\/h3>\r\n\r\n\r\n\r\n<p>DEBORAH ELVIRA aplica las medidas t\u00e9cnicas y organizativas apropiadas para proporcionar un nivel de seguridad adecuado al riesgo, garantizando la confidencialidad, integridad y disponibilidad de sus datos.<\/p>\r\n\r\n\r\n\r\n<p>DEBORAH ELVIRA se preocupa por la seguridad de los usuarios de su web y para ello mantiene actualizado el software, aplica un firewall que se ocupa de detectar y mitigar amenazas y realiza copias de seguridad para garantizar la integridad, disponibilidad y resiliencia permanentes de los sistemas y servicios de tratamiento.<\/p>\r\n\r\n\r\n\r\n<h3 class=\"wp-block-heading\"><strong>Consejos de Navegaci\u00f3n<\/strong><\/h3>\r\n\r\n\r\n\r\n<p>Compruebe que el servidor al que se conecta se encuentra ubicado en el dominio correcto, incluso cuando se utilicen enlaces almacenados en favoritos.<\/p>\r\n\r\n\r\n\r\n<p>No utilice direcciones web (URL) o enlaces recibidos por mensajer\u00eda electr\u00f3nica (correo, SMS, etc.) en los que se solicite realizar alguna gesti\u00f3n con sus datos personales.<\/p>\r\n\r\n\r\n\r\n<p>Teclee directamente las direcciones de los sitios web a los que desea conectarse.<\/p>\r\n\r\n\r\n\r\n<h3 class=\"wp-block-heading\"><strong>\u00bfQu\u00e9 derechos tiene usted con respecto a los datos que nos facilita?<\/strong><\/h3>\r\n\r\n\r\n\r\n<p>Usted tiene derecho a conocer si DEBORAH ELVIRA est\u00e1 tratando los datos personales que le conciernan, o no.<br><br>Asimismo, las personas interesadas tienen derecho a <strong>acceder <\/strong>a sus datos personales, as\u00ed como a solicitar la <strong>rectificaci\u00f3n <\/strong>de los datos inexactos o, en su caso a solicitar la <strong>supresi\u00f3n <\/strong>cuando, entre otros motivos, los datos ya no sean necesarios para los fines que fueron recogidos.<br><br>En determinadas circunstancias, los interesados podr\u00e1n solicitar la <strong>limitaci\u00f3n del tratamiento<\/strong> de sus datos, en cuyo caso \u00fanicamente los conservaremos para ejercicio o la defensa de reclamaciones.<br><br>En determinadas circunstancias y por motivos relacionados con su situaci\u00f3n particular, los interesados podr\u00e1n oponerse al tratamiento de sus datos. DEBORAH ELVIRA dejar\u00e1 de tratar los datos, salvo por motivos leg\u00edtimos imperiosos, o en el ejercicio o la defensa de posibles reclamaciones.<br><br>Usted tiene derecho a solicitar la <strong>portabilidad <\/strong>de sus datos, as\u00ed como a <strong>retirar el consentimiento<\/strong> para su tratamiento en cualquier momento.<br><br>Usted puede ejercer sus derechos contactando con DEBORAH ELVIRA, por medio de los datos de contacto anteriormente mencionados, indicando como asunto \u201cLOPD, Derechos\u201d y adjuntando<br>fotocopia de su Documento Nacional de Identidad o cualquier otro medio v\u00e1lido en derecho.<br><br>Usted tiene derecho a <strong>presentar una reclamaci\u00f3n<\/strong> ante la Agencia Espa\u00f1ola de Protecci\u00f3n de Datos.<\/p>\r\n\r\n\r\n\r\n<h3 class=\"wp-block-heading\"><strong>\u00bfQu\u00e9 obligaciones tiene usted con respecto a los datos que nos facilita?<\/strong><\/h3>\r\n\r\n\r\n\r\n<p>Usted se compromete a garantizar la veracidad de los datos que nos facilita y se compromete a comunicar cualquier cambio que se produzca sobre ellos.<br><br>El env\u00edo de datos de car\u00e1cter personal es obligatorio para contactar y recibir informaci\u00f3n sobre los productos y servicios de DEBORAH ELVIRA.<br><br>El no facilitar los datos personales solicitados o el no aceptar la presente pol\u00edtica de protecci\u00f3n de datos supone la imposibilidad de suscribirse, registrarse, recibir informaci\u00f3n de los productos y servicios del website o gestionar el servicio que nos ha encomendado.<br><br>Como usuario usted se compromete a que la informaci\u00f3n facilitada a DEBORAH ELVIRA sobre terceras personas ha sido recabada de acuerdo con la normativa vigente y habiendo recabado el consentimiento del titular de los datos.<br><br>Como usuario de esta web se compromete a utilizar el website, los servicios, los contenidos y este aviso legal de conformidad con la ley, la moral, las buenas costumbres y el orden p\u00fablico.<br><br>Usted se compromete a no realizar actividades publicitarias, promocionales o de explotaci\u00f3n comercial a trav\u00e9s de la web, ni utilizar los contenidos y, en particular, la informaci\u00f3n obtenida a trav\u00e9s del Portal para remitir publicidad, enviar mensajes con fines de venta directa o con cualquier otro fin comercial, ni para recoger o almacenar datos personales de terceros.<br><br>Esta web puede contener enlaces a sitios web de terceros, cuyas pol\u00edticas de privacidad son ajenas a DEBORAH ELVIRA, al acceder a tales sitios web usted debe decidir si acepta sus pol\u00edticas de privacidad y de cookies.<br><br>El presente AVISO LEGAL se actualizar\u00e1 peri\u00f3dicamente, por lo que resultar\u00e1n aplicables las condiciones que se encuentren vigentes y publicadas en el momento de utilizaci\u00f3n de la web o de los servicios. Le rogamos lea atentamente esta informaci\u00f3n antes de proceder a su uso, as\u00ed como peri\u00f3dicamente, a fin de mantenerse totalmente informado.<br><br>Si usted tiene alguna pregunta en relaci\u00f3n con este Aviso Legal puede contactar con nosotros en el siguiente email:\u00a0<a href=\"mailto:info@deborahelvira.com\">info@deborahelvira.com<\/a><\/p>\r\n\r\n\r\n\r\n<h3 class=\"wp-block-heading\"><strong>Consentimiento<\/strong><\/h3>\r\n\r\n\r\n\r\n<p>Usted declara haber sido informado de las condiciones sobre protecci\u00f3n de datos de car\u00e1cter personal, aceptando y consintiendo el tratamiento manual y automatizado de los mismos por parte de DEBORAH ELVIRA en la forma y para las finalidades indicadas en la presente Pol\u00edtica de<br>Protecci\u00f3n de Datos Personales.<\/p>\r\n\r\n\r\n\r\n<p>Puede anular cualquier autorizaci\u00f3n cuando lo desee dirigi\u00e9ndose a DEBORAH ELVIRA.<\/p>\r\n\r\n\r\n\r\n<h3 class=\"wp-block-heading\"><strong><strong>Legislaci\u00f3n Aplicable<\/strong><\/strong><\/h3>\r\n\r\n\r\n\r\n<p>La legislaci\u00f3n aplicable al presente AVISO LEGAL ser\u00e1 la legislaci\u00f3n espa\u00f1ola, y a la jurisdicci\u00f3n competente para conocer de cualesquiera demandas que esta web suscite ser\u00e1 la de los juzgados y Tribunales de CASTELLON DE LA PLANA, renunciando expresamente el usuario a cualquier otro fuero que pudiera corresponderle.<\/p>\r\n\r\n\r\n\r\n<h3 class=\"wp-block-heading\"><strong><strong><strong>Contenido de la Web y Enlaces (Links)<\/strong><\/strong><\/strong><\/h3>\r\n\r\n\r\n\r\n<p>Los enlaces contenidos en esta web pueden dirigir a contenidos Web de terceros. El objetivo de dichos enlaces es \u00fanicamente facilitarle la b\u00fasqueda de los recursos que le puedan interesar a trav\u00e9s de Internet. No obstante, dichas p\u00e1ginas no pertenecen a DEBORAH ELVIRA, ni hace una revisi\u00f3n de sus contenidos y, por ello no asume ninguna responsabilidad por el contenido, informaciones o servicios que pudieran aparecer en dichos sitios, que tendr\u00e1n exclusivamente car\u00e1cter informativo y que en ning\u00fan caso implican relaci\u00f3n alguna entre DEBORAH ELVIRA y a las personas o entidades titulares de tales contenidos o titulares de los sitios donde se encuentren. DEBORAH ELVIRA tampoco puede hacerse responsable del funcionamiento de la p\u00e1gina enlazada o de los posibles da\u00f1os que puedan derivarse del acceso o uso de la misma.<\/p>\r\n\r\n\r\n\r\n<p>Los enlaces a la web de DEBORAH ELVIRA deber\u00e1n respetar las siguientes condiciones:<\/p>\r\n\r\n\r\n\r\n<p>a. El establecimiento del enlace no supondr\u00e1 ning\u00fan tipo de acuerdo, contrato, patrocinio ni recomendaci\u00f3n por parte de DEBORAH ELVIRA de la p\u00e1gina que realiza el enlace.<br>b. La p\u00e1gina web en la que se establezca el hiperenlace no contendr\u00e1 informaciones con contenidos que sean il\u00edcitos, discriminatorios, contrarios a los principios \u00e9ticos com\u00fanmente aceptados o atenten contra el orden p\u00fablico, as\u00ed como tampoco contendr\u00e1 contenidos contrarios a cualesquiera derechos de terceros.<br>c. DEBORAH ELVIRA podr\u00e1 solicitar que se retire un enlace a su web, sin necesidad de alegar causa alguna. En tal caso, la p\u00e1gina que haya realizado el enlace deber\u00e1 proceder a su inmediata supresi\u00f3n, tan pronto como reciba la notificaci\u00f3n de DEBORAH ELVIRA.<br>d. DEBORAH ELVIRA no se responsabiliza en modo alguno ni garantiza la calidad, exactitud, fiabilidad, correcci\u00f3n o moralidad de contenidos o servicios que el establecimiento del hiperenlace pueda ofrecer. El usuario asume bajo su exclusiva responsabilidad las consecuencias, da\u00f1os o acciones que pudieran derivarse del acceso a la p\u00e1gina web del hiperenlace.<br>e. La p\u00e1gina web en la que se establezca el hiperenlace no podr\u00e1 contener marca, denominaci\u00f3n, logotipo, eslogan u otros signos distintivos pertenecientes a DEBORAH ELVIRA excepto aquellos signos que formen parte del mismo hiperenlace.<\/p>\r\n\r\n\r\n\r\n<h3 class=\"wp-block-heading\"><strong><strong><strong><strong>Propiedad Intelectual e Industrial<\/strong><\/strong><\/strong><\/strong><\/h3>\r\n\r\n\r\n\r\n<p>Todos los elementos que forman el sitio Web, as\u00ed como la estructura, dise\u00f1o, c\u00f3digo fuente, as\u00ed como los logos, marcas y dem\u00e1s signos distintivos que aparecen en la misma, son titularidad de DEBORAH ELVIRA o de sus colaboradores y est\u00e1n protegidos por los correspondientes derechos de propiedad intelectual e industrial.<\/p>\r\n\r\n\r\n\r\n<p>Igualmente est\u00e1n protegidos por los correspondientes derechos de propiedad intelectual e industrial las im\u00e1genes y otros elementos gr\u00e1ficos contenidos.<\/p>\r\n\r\n\r\n\r\n<p>DEBORAH ELVIRA proh\u00edbe expresamente la realizaci\u00f3n de \u201cframings\u201d o la utilizaci\u00f3n por parte de terceros de cualesquiera otros mecanismos que alteren el dise\u00f1o, configuraci\u00f3n original o contenidos de nuestros portales.<\/p>\r\n\r\n\r\n\r\n<p>El uso de los contenidos deber\u00e1 respetar su licenciamiento particular. De tal modo su uso, reproducci\u00f3n, distribuci\u00f3n, comunicaci\u00f3n p\u00fablica, transformaci\u00f3n o cualquier otra actividad similar o an\u00e1loga, queda totalmente prohibida salvo que medie previa y expresa autorizaci\u00f3n de DEBORAH ELVIRA.<\/p>\r\n\r\n\r\n\r\n<p>Respecto a las citas de productos o servicios de terceros, DEBORAH ELVIRA reconoce a favor de sus titulares los correspondientes derechos de propiedad industrial o intelectual, no implicando su sola menci\u00f3n o aparici\u00f3n en la Web la existencia de derechos ni de responsabilidad alguna sobre los mismos, como tampoco respaldo, patrocinio o recomendaci\u00f3n.<\/p>\r\n\r\n\r\n\r\n<p>Respecto a las citas de productos o servicios de terceros, DEBORAH ELVIRA reconoce a favor de sus titulares los correspondientes derechos de propiedad industrial o intelectual, no implicando su sola menci\u00f3n o aparici\u00f3n en la Web la existencia de derechos ni de responsabilidad alguna sobre los mismos, como tampoco respaldo, patrocinio o recomendaci\u00f3n.<\/p>\r\n\r\n\r\n\r\n<h3 class=\"wp-block-heading\"><strong><strong><strong><strong><strong>Responsabilidad<\/strong><\/strong><\/strong><\/strong><\/strong><\/h3>\r\n\r\n\r\n\r\n<p>DEBORAH ELVIRA no garantiza la inexistencia de errores en el acceso a la Web, en su contenido, ni que \u00e9ste se encuentre actualizado, aunque se compromete a realizar los mayores esfuerzos para, en su caso, evitarlos, subsanarlos o actualizarlos.<\/p>\r\n\r\n\r\n\r\n<p>Tanto el acceso a la Web de DEBORAH ELVIRA como el uso que pueda hacerse de la informaci\u00f3n contenida en los mismos es de exclusiva responsabilidad de quien lo realiza.<\/p>\r\n\r\n\r\n\r\n<p>DEBORAH ELVIRA no se responsabiliza de los posibles errores de seguridad que se puedan producir ni de posibles da\u00f1os que puedan causarse al sistema inform\u00e1tico del usuario (hardware y software), los ficheros o documentos almacenados en el mismo, como consecuencia de la presencia de virus en el ordenador del usuario utilizado para la conexi\u00f3n a los servicios y contenidos de la Web, de un mal funcionamiento del navegador o del uso de versiones no actualizadas del mismo.<\/p>\r\n\r\n\r\n\r\n<p>DEBORAH ELVIRA no se hace responsable de la informaci\u00f3n y contenidos almacenados, a t\u00edtulo enunciativo, pero no limitativo, en foros, chats, blogs, comentarios, redes sociales o cualquier otro medio que permita a terceros publicar contenidos de forma independiente en esta Web.<\/p>\r\n\r\n\r\n\r\n<p>No obstante, en cumplimiento de lo dispuesto en la LSSI, DEBORAH ELVIRA se pone a disposici\u00f3n de todos los usuarios, autoridades y fuerzas de seguridad, colaborando de forma activa en la retirada o en su caso bloqueo de todos aquellos contenidos que pudieran afectar o contravenir la legislaci\u00f3n nacional, o internacional, derechos de terceros o la moral y el orden p\u00fablico. En caso de que usted considere que existe en el sitio web alg\u00fan contenido que pudiera ser susceptible de esta clasificaci\u00f3n, rogamos contacte con DEBORAH ELVIRA.<\/p>\r\n\r\n\r\n\r\n<p>DEBORAH ELVIRA no se responsabiliza de las contestaciones que se realicen a trav\u00e9s de las distintas direcciones de correo electr\u00f3nico que aparecen en su web, por lo que en ning\u00fan caso podr\u00e1 derivarse efecto jur\u00eddico vinculante de las mismas.<\/p>\r\n\r\n\r\n\r\n<div style=\"height:100px\" aria-hidden=\"true\" class=\"wp-block-spacer\"><\/div>\r\n","protected":false},"excerpt":{"rendered":"<p>Aviso Legal y Pol\u00edtica de Privacidad Consideramos que la privacidad de nuestros clientes y usuarios debe ser primordial. Por esta raz\u00f3n aplicamos una pol\u00edtica de transparencia a todos nuestros procesos para que los usuarios est\u00e9n siempre informados y tengan control sobre su privacidad. Le rogamos lea atentamente cada uno de estos t\u00e9rminos que regulan el&hellip;<\/p>\n","protected":false},"author":1,"featured_media":0,"parent":0,"menu_order":0,"comment_status":"closed","ping_status":"closed","template":"","meta":{"_acf_changed":false,"footnotes":""},"class_list":["post-4788","page","type-page","status-publish","hentry"],"acf":[],"_links":{"self":[{"href":"https:\/\/deborahelvira.com\/en\/wp-json\/wp\/v2\/pages\/4788","targetHints":{"allow":["GET"]}}],"collection":[{"href":"https:\/\/deborahelvira.com\/en\/wp-json\/wp\/v2\/pages"}],"about":[{"href":"https:\/\/deborahelvira.com\/en\/wp-json\/wp\/v2\/types\/page"}],"author":[{"embeddable":true,"href":"https:\/\/deborahelvira.com\/en\/wp-json\/wp\/v2\/users\/1"}],"replies":[{"embeddable":true,"href":"https:\/\/deborahelvira.com\/en\/wp-json\/wp\/v2\/comments?post=4788"}],"version-history":[{"count":1,"href":"https:\/\/deborahelvira.com\/en\/wp-json\/wp\/v2\/pages\/4788\/revisions"}],"predecessor-version":[{"id":4792,"href":"https:\/\/deborahelvira.com\/en\/wp-json\/wp\/v2\/pages\/4788\/revisions\/4792"}],"wp:attachment":[{"href":"https:\/\/deborahelvira.com\/en\/wp-json\/wp\/v2\/media?parent=4788"}],"curies":[{"name":"wp","href":"https:\/\/api.w.org\/{rel}","templated":true}]}}